{"id":116,"date":"2025-01-09T18:33:00","date_gmt":"2025-01-09T17:33:00","guid":{"rendered":"http:\/\/localhost\/wordpress\/?post_type=product&#038;p=116"},"modified":"2025-06-10T17:20:49","modified_gmt":"2025-06-10T15:20:49","slug":"alfombras-personalizadas","status":"publish","type":"product","link":"https:\/\/www.tuftbyyari.com\/en\/product\/alfombras-personalizadas\/","title":{"rendered":"Custom Rugs"},"content":{"rendered":"<h4 class=\"_5Gynyg aZskFA u16U_g mKhvSg\"><strong>Dise\u00f1os \u00fanicos y personalizados<\/strong><\/h4>\n<div class=\"aWBg0w aZskFA u16U_g mKhvSg\">\n<ul class=\"WSy8OQ\">\n<li>\n<p class=\"aWBg0w aZskFA u16U_g mKhvSg\"><b>Elige la medida que desees:<\/b> Escoge entre una variedad de medidas disponibles para adaptarse perfectamente a tu espacio o ind\u00edcanos una medida espec\u00edfica en el mensaje.<\/p>\n<\/li>\n<li>\n<p class=\"aWBg0w aZskFA u16U_g mKhvSg\"><b>Logotipos y nombres:<\/b> Ideal para oficinas, negocios o regalos personalizados.<\/p>\n<\/li>\n<li>\n<p class=\"aWBg0w aZskFA u16U_g mKhvSg\"><b>Im\u00e1genes y arte:<\/b> Transforma cualquier imagen en una pieza textil \u00fanica.<\/p>\n<\/li>\n<\/ul>\n<\/div>\n<h4 class=\"_5Gynyg aZskFA u16U_g mKhvSg\"><strong>Proceso de personalizaci\u00f3n<\/strong><\/h4>\n<div class=\"aWBg0w aZskFA u16U_g mKhvSg\">\n<ol class=\"WSy8OQ\" start=\"1\">\n<li>\n<p class=\"aWBg0w aZskFA u16U_g mKhvSg\"><b>Elige tu dise\u00f1o:<\/b> Nos proporcionas la idea del dise\u00f1o o imagen que deseas a trav\u00e9s del formulario.<\/p>\n<\/li>\n<li>\n<p class=\"aWBg0w aZskFA u16U_g mKhvSg\"><b>Contacto para detalles:<\/b> Si tu dise\u00f1o requiere tareas adicionales como vectorizar o simplificar, estaremos encantados de ayudarte.<\/p>\n<\/li>\n<li>\n<p class=\"aWBg0w aZskFA u16U_g mKhvSg\"><b>Evaluaci\u00f3n de complejidad:<\/b> Dependiendo de la complejidad del dise\u00f1o, los costos pueden variar. Te ofreceremos un presupuesto claro y justo.<\/p>\n<\/li>\n<\/ol>\n<\/div>\n<h4 class=\"_5Gynyg aZskFA u16U_g mKhvSg\"><strong>Calidad y atenci\u00f3n a cada detalle<\/strong><\/h4>\n<p class=\"aWBg0w aZskFA u16U_g mKhvSg\">Nuestras alfombras est\u00e1n hechas en Espa\u00f1a con los mejores materiales y t\u00e9cnicas de tufting para asegurar durabilidad y belleza. Cada pieza es cuidadosamente fabricada a mano para satisfacer tus expectativas m\u00e1s altas.<\/p>\n<h4 class=\"_5Gynyg aZskFA u16U_g mKhvSg\"><strong>Contacta con nosotros<\/strong><\/h4>\n<p class=\"aWBg0w aZskFA u16U_g mKhvSg\">Si est\u00e1s interesado en obtener una alfombra \u00fanica y personalizada, no dudes en ponerte en contacto con nosotros. Estamos aqu\u00ed para responder cualquier pregunta y guiarte en el proceso de creaci\u00f3n. \u00a1D\u00e9janos ayudarte a dise\u00f1ar la alfombra perfecta para ti!<\/p>","protected":false},"excerpt":{"rendered":"<p class=\"aWBg0w aZskFA u16U_g mKhvSg\">\u00bfBuscas una manera \u00fanica y personalizada de decorar tu espacio? \u00a1Nuestras alfombras de tufting personalizadas son la soluci\u00f3n perfecta! Ofrecemos la posibilidad de crear alfombras exclusivas con el dise\u00f1o o imagen que elijas. Ya sea un logotipo de empresa, un nombre personalizado, o cualquier otra idea creativa, podemos hacerlo realidad.<\/p>\n<div class=\"wpcf7 no-js\" id=\"wpcf7-f136-o1\" lang=\"es-ES\" dir=\"ltr\" data-wpcf7-id=\"136\">\n<div class=\"screen-reader-response\">\n<p role=\"status\" aria-live=\"polite\" aria-atomic=\"true\">\n<ul><\/ul>\n<\/div>\n<form action=\"\/en\/wp-json\/wp\/v2\/product\/116#wpcf7-f136-o1\" method=\"post\" class=\"wpcf7-form init\" aria-label=\"Contact form\" enctype=\"multipart\/form-data\" novalidate=\"novalidate\" data-status=\"init\" data-trp-original-action=\"\/en\/wp-json\/wp\/v2\/product\/116#wpcf7-f136-o1\">\n<fieldset class=\"hidden-fields-container\"><input type=\"hidden\" name=\"_wpcf7\" value=\"136\" \/><input type=\"hidden\" name=\"_wpcf7_version\" value=\"6.1.6\" \/><input type=\"hidden\" name=\"_wpcf7_locale\" value=\"es_ES\" \/><input type=\"hidden\" name=\"_wpcf7_unit_tag\" value=\"wpcf7-f136-o1\" \/><input type=\"hidden\" name=\"_wpcf7_container_post\" value=\"0\" \/><input type=\"hidden\" name=\"_wpcf7_posted_data_hash\" value=\"\" \/><br \/>\n<\/fieldset>\n<h3>Fill out the form to place your order!<br \/>\n<\/h3>\n<p>&thinsp;<br \/>\n<label> Name*<br \/>\n<span class=\"wpcf7-form-control-wrap\" data-name=\"your-name\"><input size=\"40\" maxlength=\"400\" class=\"wpcf7-form-control wpcf7-text wpcf7-validates-as-required\" autocomplete=\"name\" aria-required=\"true\" aria-invalid=\"false\" value=\"\" type=\"text\" name=\"your-name\" \/><\/span> <\/label>\n<\/p>\n<p><label> Email*<br \/>\n<span class=\"wpcf7-form-control-wrap\" data-name=\"your-email\"><input size=\"40\" maxlength=\"400\" class=\"wpcf7-form-control wpcf7-email wpcf7-validates-as-required wpcf7-text wpcf7-validates-as-email\" autocomplete=\"email\" aria-required=\"true\" aria-invalid=\"false\" value=\"\" type=\"email\" name=\"your-email\" \/><\/span> <\/label>\n<\/p>\n<p><label> Phone*<br \/>\n<span class=\"wpcf7-form-control-wrap\" data-name=\"tel-561\"><input size=\"40\" maxlength=\"9\" minlength=\"9\" class=\"wpcf7-form-control wpcf7-tel wpcf7-text wpcf7-validates-as-tel\" aria-invalid=\"false\" value=\"\" type=\"tel\" name=\"tel-561\" \/><\/span><\/label>\n<\/p>\n<p><label> Address*<br \/>\n<span class=\"wpcf7-form-control-wrap\" data-name=\"adress-785\"><input size=\"40\" maxlength=\"400\" class=\"wpcf7-form-control wpcf7-text wpcf7-validates-as-required\" aria-required=\"true\" aria-invalid=\"false\" value=\"\" type=\"text\" name=\"adress-785\" \/><\/span><\/label>\n<\/p>\n<p><label> City*<br \/>\n<span class=\"wpcf7-form-control-wrap\" data-name=\"ciudad-137\"><input size=\"40\" maxlength=\"400\" class=\"wpcf7-form-control wpcf7-text wpcf7-validates-as-required\" aria-required=\"true\" aria-invalid=\"false\" value=\"\" type=\"text\" name=\"ciudad-137\" \/><\/span><\/label>\n<\/p>\n<p><label> Zip Code*<br \/>\n<span class=\"wpcf7-form-control-wrap\" data-name=\"text-138\"><input size=\"40\" maxlength=\"5\" minlength=\"5\" class=\"wpcf7-form-control wpcf7-text\" aria-invalid=\"false\" value=\"\" type=\"text\" name=\"text-138\" \/><\/span><\/label>\n<\/p>\n<p><label> Country*<br \/>\n<span class=\"wpcf7-form-control-wrap\" data-name=\"pais\"><input size=\"40\" maxlength=\"400\" class=\"wpcf7-form-control wpcf7-text wpcf7-validates-as-required\" aria-required=\"true\" aria-invalid=\"false\" value=\"\" type=\"text\" name=\"pais\" \/><\/span><\/label>\n<\/p>\n<p><label> How do you want your rug?*<br \/>\n<span class=\"wpcf7-form-control-wrap\" data-name=\"your-message\"><textarea cols=\"40\" rows=\"10\" maxlength=\"2000\" class=\"wpcf7-form-control wpcf7-textarea wpcf7-validates-as-required\" aria-required=\"true\" aria-invalid=\"false\" name=\"your-message\"><\/textarea><\/span> <\/label>\n<\/p>\n<p><label>Where do you want it?<br \/>\n<span class=\"wpcf7-form-control-wrap\" data-name=\"select-366\"><select class=\"wpcf7-form-control wpcf7-select\" aria-invalid=\"false\" name=\"select-366\"><option value=\"Para suelo\">For floor<\/option><option value=\"Para colgar\">For hang<\/option><\/select><\/span><\/label>\n<\/p>\n<p><label> Select your size (approximate prices)<br \/>\n<span class=\"wpcf7-form-control-wrap\" data-name=\"tamano-502\"><select class=\"wpcf7-form-control wpcf7-select\" aria-invalid=\"false\" name=\"tamano-502\"><option value=\"Ninguno\">None<\/option><option value=\"40 x 40 cm - 200\u20ac \/aprox\">40 x 40 cm &#8211; 200\u20ac \/aprox<\/option><option value=\"50 x 50 cm - 250\u20ac \/aprox\">50 x 50 cm &#8211; 250\u20ac \/aprox<\/option><option value=\"50 x 60 cm - 280\u20ac \/aprox\">50 x 60 cm &#8211; 280\u20ac \/aprox<\/option><option value=\"50 x 70 cm - 290\u20ac \/aprox\">50 x 70 cm &#8211; 290\u20ac \/aprox<\/option><option value=\"60 x 70 cm - 300\u20ac \/aprox\">60 x 70 cm &#8211; 300\u20ac \/aprox<\/option><option value=\"70 x 80 cm - 350\u20ac \/aprox\">70 x 80 cm &#8211; 350\u20ac \/aprox<\/option><option value=\"80 x 80 cm - 400\u20ac \/aprox\">80 x 80 cm &#8211; 400\u20ac \/aprox<\/option><option value=\"80 x 90 cm - 450\u20ac \/aprox\">80 x 90 cm &#8211; 450\u20ac \/aprox<\/option><option value=\"90 x 90 cm - 500\u20ac \/aprox\">90 x 90 cm &#8211; 500\u20ac \/aprox<\/option><option value=\"100 x 100 cm - 550\u20ac \/aprox\">100 x 100 cm &#8211; 550\u20ac \/aprox<\/option><\/select><\/span> <\/label>\n<\/p>\n<p><label> If you prefer another size, please indicate it here<br \/>\n<span class=\"wpcf7-form-control-wrap\" data-name=\"text-570\"><input size=\"40\" maxlength=\"400\" class=\"wpcf7-form-control wpcf7-text\" aria-invalid=\"false\" value=\"\" type=\"text\" name=\"text-570\" \/><\/span> <\/label>\n<\/p>\n<p><span id=\"wpcf7-6a09c2c99d0c5-wrapper\" class=\"wpcf7-form-control-wrap ssspam-241-wrap\" ><input type=\"hidden\" name=\"ssspam-241-random-hash\" value=\"46184307\"><label\n\t\t    for=\"wpcf7-6a09c2c99d0c5-field\"\n\t\t    class=\"hp-message\"\n        >Por favor, deja este campo vac\u00edo.<\/label><input\n\t    id=\"wpcf7-6a09c2c99d0c5-field\"\n\t    \n\t    class=\"wpcf7-form-control wpcf7-text\"\n\t    type=\"text\"\n\t    name=\"q9ce8im9nmk2\"\n\t    value=\"\"\n\t    size=\"40\"\n\t    autocomplete=\"new-password\"\n\t    tabindex=\"1000\"\n    \/><\/span>\n<\/p>\n<p><label> URL<br \/>\n<span class=\"wpcf7-form-control-wrap\" data-name=\"url-906\"><input size=\"40\" maxlength=\"400\" class=\"wpcf7-form-control wpcf7-url wpcf7-text wpcf7-validates-as-url\" aria-invalid=\"false\" value=\"\" type=\"url\" name=\"url-906\" \/><\/span> <\/label>\n<\/p>\n<p><label> Upload your reference image<br \/>\n<span class=\"wpcf7-form-control-wrap\" data-name=\"file-258\"><input size=\"40\" class=\"wpcf7-form-control wpcf7-file\" accept=\"video\/*,image\/*\" aria-invalid=\"false\" type=\"file\" name=\"file-258\" \/><\/span> <\/label>\n<\/p>\n<p><span class=\"wpcf7-form-control-wrap\" data-name=\"acceptance-274\"><span class=\"wpcf7-form-control wpcf7-acceptance\"><span class=\"wpcf7-list-item\"><label><input type=\"checkbox\" name=\"acceptance-274\" value=\"1\" aria-invalid=\"false\" \/><span class=\"wpcf7-list-item-label\">I have read the <a href=\"https:\/\/www.tuftbyyari.com\/en\/politicas-terminos-y-condiciones-de-tuft-by-yari\/\">Terms and Conditions of Purchase<\/a><\/span><\/label><\/span><\/span><\/span>\n<\/p>\n<p><input class=\"wpcf7-form-control wpcf7-submit has-spinner\" type=\"submit\" value=\"Place order\" \/>\n<\/p>\n<div class=\"wpcf7-response-output\" aria-hidden=\"true\"><\/div>\n<input type=\"hidden\" name=\"trp-form-language\" value=\"en\"\/><\/form>\n<\/div>","protected":false},"featured_media":132,"comment_status":"open","ping_status":"closed","template":"","meta":{"site-sidebar-layout":"default","site-content-layout":"","ast-site-content-layout":"default","site-content-style":"default","site-sidebar-style":"default","ast-global-header-display":"","ast-banner-title-visibility":"","ast-main-header-display":"","ast-hfb-above-header-display":"","ast-hfb-below-header-display":"","ast-hfb-mobile-header-display":"","site-post-title":"","ast-breadcrumbs-content":"","ast-featured-img":"","footer-sml-layout":"","theme-transparent-header-meta":"default","adv-header-id-meta":"","stick-header-meta":"","header-above-stick-meta":"","header-main-stick-meta":"","header-below-stick-meta":"","astra-migrate-meta-layouts":"set","ast-page-background-enabled":"default","ast-page-background-meta":{"desktop":{"background-color":"var(--ast-global-color-5)","background-image":"","background-repeat":"repeat","background-position":"center center","background-size":"auto","background-attachment":"scroll","background-type":"","background-media":"","overlay-type":"","overlay-color":"","overlay-opacity":"","overlay-gradient":""},"tablet":{"background-color":"","background-image":"","background-repeat":"repeat","background-position":"center center","background-size":"auto","background-attachment":"scroll","background-type":"","background-media":"","overlay-type":"","overlay-color":"","overlay-opacity":"","overlay-gradient":""},"mobile":{"background-color":"","background-image":"","background-repeat":"repeat","background-position":"center center","background-size":"auto","background-attachment":"scroll","background-type":"","background-media":"","overlay-type":"","overlay-color":"","overlay-opacity":"","overlay-gradient":""}},"ast-content-background-meta":{"desktop":{"background-color":"var(--ast-global-color-4)","background-image":"","background-repeat":"repeat","background-position":"center center","background-size":"auto","background-attachment":"scroll","background-type":"","background-media":"","overlay-type":"","overlay-color":"","overlay-opacity":"","overlay-gradient":""},"tablet":{"background-color":"var(--ast-global-color-4)","background-image":"","background-repeat":"repeat","background-position":"center center","background-size":"auto","background-attachment":"scroll","background-type":"","background-media":"","overlay-type":"","overlay-color":"","overlay-opacity":"","overlay-gradient":""},"mobile":{"background-color":"var(--ast-global-color-4)","background-image":"","background-repeat":"repeat","background-position":"center center","background-size":"auto","background-attachment":"scroll","background-type":"","background-media":"","overlay-type":"","overlay-color":"","overlay-opacity":"","overlay-gradient":""}}},"product_brand":[],"product_cat":[42,17],"product_tag":[87,85,61,62,84,47,39,86,43,45,44,46],"class_list":{"0":"post-116","1":"product","2":"type-product","3":"status-publish","4":"has-post-thumbnail","6":"product_cat-alfombras-personalizadas","7":"product_cat-alfombras-tufting","8":"product_tag-alfombra-atletico-de-madrid","9":"product_tag-alfombra-fc-barcelona","10":"product_tag-alfombras-logotipos","11":"product_tag-alfombras-para-empresas","12":"product_tag-athletic-club-de-bilbao","13":"product_tag-decoracion","14":"product_tag-personalizado","15":"product_tag-realmadrid","16":"product_tag-regalo","17":"product_tag-regalos-aniversario","18":"product_tag-regalos-boda","19":"product_tag-regalos-cumpleanos","20":"desktop-align-left","21":"tablet-align-left","22":"mobile-align-center","24":"first","25":"onbackorder","26":"featured","27":"shipping-taxable","28":"product-type-simple"},"yoast_head":"<!-- This site is optimized with the Yoast SEO plugin v27.6 - https:\/\/yoast.com\/product\/yoast-seo-wordpress\/ -->\n<title>Alfombras Personalizadas En Espa\u00f1a | TUFT BY YARI<\/title>\n<meta name=\"description\" content=\"Alfombras personalizadas en Espa\u00f1a ideales para regalos de boda, dise\u00f1os de f\u00fatbol, logotipos de empresa, decoraci\u00f3n infantil y regalos originales \u00fanicos.\" \/>\n<meta name=\"robots\" content=\"index, follow, max-snippet:-1, max-image-preview:large, max-video-preview:-1\" \/>\n<link rel=\"canonical\" href=\"https:\/\/www.tuftbyyari.com\/en\/product\/alfombras-personalizadas\/\" \/>\n<meta property=\"og:locale\" content=\"en_US\" \/>\n<meta property=\"og:type\" content=\"article\" \/>\n<meta property=\"og:title\" content=\"Alfombras Personalizadas En Espa\u00f1a | TUFT BY YARI\" \/>\n<meta property=\"og:description\" content=\"Alfombras personalizadas en Espa\u00f1a ideales para regalos de boda, dise\u00f1os de f\u00fatbol, logotipos de empresa, decoraci\u00f3n infantil y regalos originales \u00fanicos.\" \/>\n<meta property=\"og:url\" content=\"https:\/\/www.tuftbyyari.com\/en\/product\/alfombras-personalizadas\/\" \/>\n<meta property=\"og:site_name\" content=\"TUFT BY YARI\" \/>\n<meta property=\"article:publisher\" content=\"https:\/\/www.facebook.com\/tuftbyyari\" \/>\n<meta property=\"article:modified_time\" content=\"2025-06-10T15:20:49+00:00\" \/>\n<meta property=\"og:image\" content=\"https:\/\/www.tuftbyyari.com\/wp-content\/uploads\/2025\/01\/2-e1736445952361-1024x1024.png\" \/>\n\t<meta property=\"og:image:width\" content=\"1024\" \/>\n\t<meta property=\"og:image:height\" content=\"1024\" \/>\n\t<meta property=\"og:image:type\" content=\"image\/png\" \/>\n<meta name=\"twitter:card\" content=\"summary_large_image\" \/>\n<meta name=\"twitter:label1\" content=\"Est. reading time\" \/>\n\t<meta name=\"twitter:data1\" content=\"2 minutes\" \/>\n<script type=\"application\/ld+json\" class=\"yoast-schema-graph\">{\"@context\":\"https:\\\/\\\/schema.org\",\"@graph\":[{\"@type\":\"WebPage\",\"@id\":\"https:\\\/\\\/www.tuftbyyari.com\\\/producto\\\/alfombras-personalizadas\\\/\",\"url\":\"https:\\\/\\\/www.tuftbyyari.com\\\/producto\\\/alfombras-personalizadas\\\/\",\"name\":\"Alfombras Personalizadas En Espa\u00f1a | TUFT BY YARI\",\"isPartOf\":{\"@id\":\"https:\\\/\\\/www.tuftbyyari.com\\\/#website\"},\"primaryImageOfPage\":{\"@id\":\"https:\\\/\\\/www.tuftbyyari.com\\\/producto\\\/alfombras-personalizadas\\\/#primaryimage\"},\"image\":{\"@id\":\"https:\\\/\\\/www.tuftbyyari.com\\\/producto\\\/alfombras-personalizadas\\\/#primaryimage\"},\"thumbnailUrl\":\"https:\\\/\\\/www.tuftbyyari.com\\\/wp-content\\\/uploads\\\/2025\\\/01\\\/2-e1736445952361.png\",\"datePublished\":\"2025-01-09T17:33:00+00:00\",\"dateModified\":\"2025-06-10T15:20:49+00:00\",\"description\":\"Alfombras personalizadas en Espa\u00f1a ideales para regalos de boda, dise\u00f1os de f\u00fatbol, logotipos de empresa, decoraci\u00f3n infantil y regalos originales \u00fanicos.\",\"breadcrumb\":{\"@id\":\"https:\\\/\\\/www.tuftbyyari.com\\\/producto\\\/alfombras-personalizadas\\\/#breadcrumb\"},\"inLanguage\":\"en-US\",\"potentialAction\":[{\"@type\":\"ReadAction\",\"target\":[\"https:\\\/\\\/www.tuftbyyari.com\\\/producto\\\/alfombras-personalizadas\\\/\"]}]},{\"@type\":\"ImageObject\",\"inLanguage\":\"en-US\",\"@id\":\"https:\\\/\\\/www.tuftbyyari.com\\\/producto\\\/alfombras-personalizadas\\\/#primaryimage\",\"url\":\"https:\\\/\\\/www.tuftbyyari.com\\\/wp-content\\\/uploads\\\/2025\\\/01\\\/2-e1736445952361.png\",\"contentUrl\":\"https:\\\/\\\/www.tuftbyyari.com\\\/wp-content\\\/uploads\\\/2025\\\/01\\\/2-e1736445952361.png\",\"width\":2848,\"height\":2848,\"caption\":\"regalo-boda-para-novios\"},{\"@type\":\"BreadcrumbList\",\"@id\":\"https:\\\/\\\/www.tuftbyyari.com\\\/producto\\\/alfombras-personalizadas\\\/#breadcrumb\",\"itemListElement\":[{\"@type\":\"ListItem\",\"position\":1,\"name\":\"Portada\",\"item\":\"https:\\\/\\\/www.tuftbyyari.com\\\/\"},{\"@type\":\"ListItem\",\"position\":2,\"name\":\"Productos\",\"item\":\"https:\\\/\\\/www.tuftbyyari.com\\\/alfombras-tufting\\\/\"},{\"@type\":\"ListItem\",\"position\":3,\"name\":\"Alfombras Personalizadas\"}]},{\"@type\":\"WebSite\",\"@id\":\"https:\\\/\\\/www.tuftbyyari.com\\\/#website\",\"url\":\"https:\\\/\\\/www.tuftbyyari.com\\\/\",\"name\":\"TUFT BY YARI\",\"description\":\"Alfombras personalizadas hechas a mano con tufting.\",\"publisher\":{\"@id\":\"https:\\\/\\\/www.tuftbyyari.com\\\/#organization\"},\"potentialAction\":[{\"@type\":\"SearchAction\",\"target\":{\"@type\":\"EntryPoint\",\"urlTemplate\":\"https:\\\/\\\/www.tuftbyyari.com\\\/?s={search_term_string}\"},\"query-input\":{\"@type\":\"PropertyValueSpecification\",\"valueRequired\":true,\"valueName\":\"search_term_string\"}}],\"inLanguage\":\"en-US\"},{\"@type\":\"Organization\",\"@id\":\"https:\\\/\\\/www.tuftbyyari.com\\\/#organization\",\"name\":\"TUFT BY YARI\",\"url\":\"https:\\\/\\\/www.tuftbyyari.com\\\/\",\"logo\":{\"@type\":\"ImageObject\",\"inLanguage\":\"en-US\",\"@id\":\"https:\\\/\\\/www.tuftbyyari.com\\\/#\\\/schema\\\/logo\\\/image\\\/\",\"url\":\"https:\\\/\\\/www.tuftbyyari.com\\\/wp-content\\\/uploads\\\/2025\\\/01\\\/logo-redondo_Mesa-de-trabajo-1.png\",\"contentUrl\":\"https:\\\/\\\/www.tuftbyyari.com\\\/wp-content\\\/uploads\\\/2025\\\/01\\\/logo-redondo_Mesa-de-trabajo-1.png\",\"width\":3334,\"height\":3334,\"caption\":\"TUFT BY YARI\"},\"image\":{\"@id\":\"https:\\\/\\\/www.tuftbyyari.com\\\/#\\\/schema\\\/logo\\\/image\\\/\"},\"sameAs\":[\"https:\\\/\\\/www.facebook.com\\\/tuftbyyari\",\"https:\\\/\\\/www.instagram.com\\\/tuftbyyari\",\"https:\\\/\\\/www.tiktok.com\\\/@tuftbyyari\"]}]}<\/script>\n<!-- \/ Yoast SEO plugin. -->","yoast_head_json":{"title":"Alfombras Personalizadas En Espa\u00f1a | TUFT BY YARI","description":"Alfombras personalizadas en Espa\u00f1a ideales para regalos de boda, dise\u00f1os de f\u00fatbol, logotipos de empresa, decoraci\u00f3n infantil y regalos originales \u00fanicos.","robots":{"index":"index","follow":"follow","max-snippet":"max-snippet:-1","max-image-preview":"max-image-preview:large","max-video-preview":"max-video-preview:-1"},"canonical":"https:\/\/www.tuftbyyari.com\/en\/product\/alfombras-personalizadas\/","og_locale":"en_US","og_type":"article","og_title":"Alfombras Personalizadas En Espa\u00f1a | TUFT BY YARI","og_description":"Alfombras personalizadas en Espa\u00f1a ideales para regalos de boda, dise\u00f1os de f\u00fatbol, logotipos de empresa, decoraci\u00f3n infantil y regalos originales \u00fanicos.","og_url":"https:\/\/www.tuftbyyari.com\/en\/product\/alfombras-personalizadas\/","og_site_name":"TUFT BY YARI","article_publisher":"https:\/\/www.facebook.com\/tuftbyyari","article_modified_time":"2025-06-10T15:20:49+00:00","og_image":[{"width":1024,"height":1024,"url":"https:\/\/www.tuftbyyari.com\/wp-content\/uploads\/2025\/01\/2-e1736445952361-1024x1024.png","type":"image\/png"}],"twitter_card":"summary_large_image","twitter_misc":{"Est. reading time":"2 minutes"},"schema":{"@context":"https:\/\/schema.org","@graph":[{"@type":"WebPage","@id":"https:\/\/www.tuftbyyari.com\/producto\/alfombras-personalizadas\/","url":"https:\/\/www.tuftbyyari.com\/producto\/alfombras-personalizadas\/","name":"Alfombras Personalizadas En Espa\u00f1a | TUFT BY YARI","isPartOf":{"@id":"https:\/\/www.tuftbyyari.com\/#website"},"primaryImageOfPage":{"@id":"https:\/\/www.tuftbyyari.com\/producto\/alfombras-personalizadas\/#primaryimage"},"image":{"@id":"https:\/\/www.tuftbyyari.com\/producto\/alfombras-personalizadas\/#primaryimage"},"thumbnailUrl":"https:\/\/www.tuftbyyari.com\/wp-content\/uploads\/2025\/01\/2-e1736445952361.png","datePublished":"2025-01-09T17:33:00+00:00","dateModified":"2025-06-10T15:20:49+00:00","description":"Alfombras personalizadas en Espa\u00f1a ideales para regalos de boda, dise\u00f1os de f\u00fatbol, logotipos de empresa, decoraci\u00f3n infantil y regalos originales \u00fanicos.","breadcrumb":{"@id":"https:\/\/www.tuftbyyari.com\/producto\/alfombras-personalizadas\/#breadcrumb"},"inLanguage":"en-US","potentialAction":[{"@type":"ReadAction","target":["https:\/\/www.tuftbyyari.com\/producto\/alfombras-personalizadas\/"]}]},{"@type":"ImageObject","inLanguage":"en-US","@id":"https:\/\/www.tuftbyyari.com\/producto\/alfombras-personalizadas\/#primaryimage","url":"https:\/\/www.tuftbyyari.com\/wp-content\/uploads\/2025\/01\/2-e1736445952361.png","contentUrl":"https:\/\/www.tuftbyyari.com\/wp-content\/uploads\/2025\/01\/2-e1736445952361.png","width":2848,"height":2848,"caption":"regalo-boda-para-novios"},{"@type":"BreadcrumbList","@id":"https:\/\/www.tuftbyyari.com\/producto\/alfombras-personalizadas\/#breadcrumb","itemListElement":[{"@type":"ListItem","position":1,"name":"Portada","item":"https:\/\/www.tuftbyyari.com\/"},{"@type":"ListItem","position":2,"name":"Productos","item":"https:\/\/www.tuftbyyari.com\/alfombras-tufting\/"},{"@type":"ListItem","position":3,"name":"Alfombras Personalizadas"}]},{"@type":"WebSite","@id":"https:\/\/www.tuftbyyari.com\/#website","url":"https:\/\/www.tuftbyyari.com\/","name":"TUFT BY YARI","description":"Alfombras personalizadas hechas a mano con tufting.","publisher":{"@id":"https:\/\/www.tuftbyyari.com\/#organization"},"potentialAction":[{"@type":"SearchAction","target":{"@type":"EntryPoint","urlTemplate":"https:\/\/www.tuftbyyari.com\/?s={search_term_string}"},"query-input":{"@type":"PropertyValueSpecification","valueRequired":true,"valueName":"search_term_string"}}],"inLanguage":"en-US"},{"@type":"Organization","@id":"https:\/\/www.tuftbyyari.com\/#organization","name":"TUFT BY YARI","url":"https:\/\/www.tuftbyyari.com\/","logo":{"@type":"ImageObject","inLanguage":"en-US","@id":"https:\/\/www.tuftbyyari.com\/#\/schema\/logo\/image\/","url":"https:\/\/www.tuftbyyari.com\/wp-content\/uploads\/2025\/01\/logo-redondo_Mesa-de-trabajo-1.png","contentUrl":"https:\/\/www.tuftbyyari.com\/wp-content\/uploads\/2025\/01\/logo-redondo_Mesa-de-trabajo-1.png","width":3334,"height":3334,"caption":"TUFT BY YARI"},"image":{"@id":"https:\/\/www.tuftbyyari.com\/#\/schema\/logo\/image\/"},"sameAs":["https:\/\/www.facebook.com\/tuftbyyari","https:\/\/www.instagram.com\/tuftbyyari","https:\/\/www.tiktok.com\/@tuftbyyari"]}]}},"_links":{"self":[{"href":"https:\/\/www.tuftbyyari.com\/en\/wp-json\/wp\/v2\/product\/116","targetHints":{"allow":["GET"]}}],"collection":[{"href":"https:\/\/www.tuftbyyari.com\/en\/wp-json\/wp\/v2\/product"}],"about":[{"href":"https:\/\/www.tuftbyyari.com\/en\/wp-json\/wp\/v2\/types\/product"}],"replies":[{"embeddable":true,"href":"https:\/\/www.tuftbyyari.com\/en\/wp-json\/wp\/v2\/comments?post=116"}],"wp:featuredmedia":[{"embeddable":true,"href":"https:\/\/www.tuftbyyari.com\/en\/wp-json\/wp\/v2\/media\/132"}],"wp:attachment":[{"href":"https:\/\/www.tuftbyyari.com\/en\/wp-json\/wp\/v2\/media?parent=116"}],"wp:term":[{"taxonomy":"product_brand","embeddable":true,"href":"https:\/\/www.tuftbyyari.com\/en\/wp-json\/wp\/v2\/product_brand?post=116"},{"taxonomy":"product_cat","embeddable":true,"href":"https:\/\/www.tuftbyyari.com\/en\/wp-json\/wp\/v2\/product_cat?post=116"},{"taxonomy":"product_tag","embeddable":true,"href":"https:\/\/www.tuftbyyari.com\/en\/wp-json\/wp\/v2\/product_tag?post=116"}],"curies":[{"name":"wp","href":"https:\/\/api.w.org\/{rel}","templated":true}]}}